{"id":2011,"date":"2022-06-24T06:57:25","date_gmt":"2022-06-24T06:57:25","guid":{"rendered":"https:\/\/helisserina.com\/video\/"},"modified":"2022-07-01T14:05:47","modified_gmt":"2022-07-01T14:05:47","slug":"video","status":"publish","type":"page","link":"https:\/\/helisserina.com\/en\/video\/","title":{"rendered":"Video"},"content":{"rendered":"\t\t<div data-elementor-type=\"wp-page\" data-elementor-id=\"2011\" class=\"elementor elementor-2011 elementor-1445\" data-elementor-post-type=\"page\">\n\t\t\t\t\t\t<section class=\"elementor-section elementor-top-section elementor-element elementor-element-b2d133b elementor-reverse-tablet elementor-reverse-mobile elementor-section-boxed elementor-section-height-default elementor-section-height-default\" data-id=\"b2d133b\" data-element_type=\"section\" data-e-type=\"section\" data-settings=\"{&quot;background_background&quot;:&quot;classic&quot;}\">\n\t\t\t\t\t\t<div class=\"elementor-container elementor-column-gap-default\">\n\t\t\t\t\t<div class=\"elementor-column elementor-col-50 elementor-top-column elementor-element elementor-element-8ec1c99\" data-id=\"8ec1c99\" data-element_type=\"column\" data-e-type=\"column\">\n\t\t\t<div class=\"elementor-widget-wrap elementor-element-populated\">\n\t\t\t\t\t\t<div class=\"elementor-element elementor-element-1e9cd04 elementor-widget elementor-widget-image\" data-id=\"1e9cd04\" data-element_type=\"widget\" data-e-type=\"widget\" data-widget_type=\"image.default\">\n\t\t\t\t<div class=\"elementor-widget-container\">\n\t\t\t\t\t\t\t\t\t\t\t\t\t\t\t<img fetchpriority=\"high\" decoding=\"async\" width=\"741\" height=\"394\" src=\"https:\/\/helisserina.com\/wp-content\/uploads\/2022\/07\/Come-with-me.png\" class=\"attachment-full size-full wp-image-2039\" alt=\"\" srcset=\"https:\/\/helisserina.com\/wp-content\/uploads\/2022\/07\/Come-with-me.png 741w, https:\/\/helisserina.com\/wp-content\/uploads\/2022\/07\/Come-with-me-300x160.png 300w\" sizes=\"(max-width: 741px) 100vw, 741px\" \/>\t\t\t\t\t\t\t\t\t\t\t\t\t\t\t<\/div>\n\t\t\t\t<\/div>\n\t\t\t\t<div class=\"elementor-element elementor-element-57a3cbf elementor-widget elementor-widget-text-editor\" data-id=\"57a3cbf\" data-element_type=\"widget\" data-e-type=\"widget\" data-widget_type=\"text-editor.default\">\n\t\t\t\t<div class=\"elementor-widget-container\">\n\t\t\t\t\t\t\t\t\t<p>When you are looking for a place to rediscover life, happiness will resonate for you again, and then you will see it.<\/p><p>At the center of your dreams, next to your happiness, another world is possible for you.<\/p>\t\t\t\t\t\t\t\t<\/div>\n\t\t\t\t<\/div>\n\t\t\t\t\t<\/div>\n\t\t<\/div>\n\t\t\t\t<div class=\"elementor-column elementor-col-50 elementor-top-column elementor-element elementor-element-c6f189f\" data-id=\"c6f189f\" data-element_type=\"column\" data-e-type=\"column\">\n\t\t\t<div class=\"elementor-widget-wrap elementor-element-populated\">\n\t\t\t\t\t\t<div class=\"elementor-element elementor-element-2b26920 elementor-widget elementor-widget-image\" data-id=\"2b26920\" data-element_type=\"widget\" data-e-type=\"widget\" data-widget_type=\"image.default\">\n\t\t\t\t<div class=\"elementor-widget-container\">\n\t\t\t\t\t\t\t\t\t\t\t\t\t\t\t\t<a href=\"https:\/\/www.youtube.com\/watch?v=N3pUCxBeJ7Q&#038;feature=emb_title&#038;ab_channel=HelisSerinaBodrum\" target=\"_blank\">\n\t\t\t\t\t\t\t<img decoding=\"async\" width=\"897\" height=\"728\" src=\"https:\/\/helisserina.com\/wp-content\/uploads\/2022\/06\/video-cover-image.jpg\" class=\"attachment-full size-full wp-image-1449\" alt=\"\" srcset=\"https:\/\/helisserina.com\/wp-content\/uploads\/2022\/06\/video-cover-image.jpg 897w, https:\/\/helisserina.com\/wp-content\/uploads\/2022\/06\/video-cover-image-300x243.jpg 300w, https:\/\/helisserina.com\/wp-content\/uploads\/2022\/06\/video-cover-image-768x623.jpg 768w\" sizes=\"(max-width: 897px) 100vw, 897px\" \/>\t\t\t\t\t\t\t\t<\/a>\n\t\t\t\t\t\t\t\t\t\t\t\t\t\t\t<\/div>\n\t\t\t\t<\/div>\n\t\t\t\t\t<\/div>\n\t\t<\/div>\n\t\t\t\t\t<\/div>\n\t\t<\/section>\n\t\t\t\t<\/div>\n\t\t","protected":false},"excerpt":{"rendered":"<p>When you are looking for a place to rediscover life, happiness will resonate for you again, and then you will see it. At the center of your dreams, next to your happiness, another world is possible for you.<\/p>\n","protected":false},"author":1,"featured_media":0,"parent":0,"menu_order":0,"comment_status":"closed","ping_status":"closed","template":"elementor_header_footer","meta":{"footnotes":""},"class_list":["post-2011","page","type-page","status-publish","hentry"],"yoast_head":"<!-- This site is optimized with the Yoast SEO plugin v27.5 - https:\/\/yoast.com\/product\/yoast-seo-wordpress\/ -->\n<title>Helis Serina Bodrum - Video<\/title>\n<meta name=\"description\" content=\"Hayat\u0131 yeniden ke\u015ffedece\u011fin bir yer arad\u0131\u011f\u0131nda, mutluluk senin i\u00e7in yeniden yank\u0131lanacak ve o zaman g\u00f6receksin\u2026\" \/>\n<meta name=\"robots\" content=\"index, follow, max-snippet:-1, max-image-preview:large, max-video-preview:-1\" \/>\n<link rel=\"canonical\" href=\"https:\/\/helisserina.com\/en\/video\/\" \/>\n<meta property=\"og:locale\" content=\"en_US\" \/>\n<meta property=\"og:type\" content=\"article\" \/>\n<meta property=\"og:title\" content=\"Helis Serina Bodrum - Video\" \/>\n<meta property=\"og:description\" content=\"Hayat\u0131 yeniden ke\u015ffedece\u011fin bir yer arad\u0131\u011f\u0131nda, mutluluk senin i\u00e7in yeniden yank\u0131lanacak ve o zaman g\u00f6receksin\u2026\" \/>\n<meta property=\"og:url\" content=\"https:\/\/helisserina.com\/en\/video\/\" \/>\n<meta property=\"og:site_name\" content=\"Helis Serina Bodrum\" \/>\n<meta property=\"article:modified_time\" content=\"2022-07-01T14:05:47+00:00\" \/>\n<meta property=\"og:image\" content=\"https:\/\/helisserina.com\/wp-content\/uploads\/2022\/07\/Come-with-me.png\" \/>\n<meta name=\"twitter:card\" content=\"summary_large_image\" \/>\n<meta name=\"twitter:label1\" content=\"Est. reading time\" \/>\n\t<meta name=\"twitter:data1\" content=\"1 minute\" \/>\n<script type=\"application\/ld+json\" class=\"yoast-schema-graph\">{\"@context\":\"https:\\\/\\\/schema.org\",\"@graph\":[{\"@type\":\"WebPage\",\"@id\":\"https:\\\/\\\/helisserina.com\\\/en\\\/video\\\/\",\"url\":\"https:\\\/\\\/helisserina.com\\\/en\\\/video\\\/\",\"name\":\"Helis Serina Bodrum - Video\",\"isPartOf\":{\"@id\":\"https:\\\/\\\/helisserina.com\\\/en\\\/#website\"},\"primaryImageOfPage\":{\"@id\":\"https:\\\/\\\/helisserina.com\\\/en\\\/video\\\/#primaryimage\"},\"image\":{\"@id\":\"https:\\\/\\\/helisserina.com\\\/en\\\/video\\\/#primaryimage\"},\"thumbnailUrl\":\"https:\\\/\\\/helisserina.com\\\/wp-content\\\/uploads\\\/2022\\\/07\\\/Come-with-me.png\",\"datePublished\":\"2022-06-24T06:57:25+00:00\",\"dateModified\":\"2022-07-01T14:05:47+00:00\",\"description\":\"Hayat\u0131 yeniden ke\u015ffedece\u011fin bir yer arad\u0131\u011f\u0131nda, mutluluk senin i\u00e7in yeniden yank\u0131lanacak ve o zaman g\u00f6receksin\u2026\",\"breadcrumb\":{\"@id\":\"https:\\\/\\\/helisserina.com\\\/en\\\/video\\\/#breadcrumb\"},\"inLanguage\":\"en-US\",\"potentialAction\":[{\"@type\":\"ReadAction\",\"target\":[\"https:\\\/\\\/helisserina.com\\\/en\\\/video\\\/\"]}]},{\"@type\":\"ImageObject\",\"inLanguage\":\"en-US\",\"@id\":\"https:\\\/\\\/helisserina.com\\\/en\\\/video\\\/#primaryimage\",\"url\":\"https:\\\/\\\/helisserina.com\\\/wp-content\\\/uploads\\\/2022\\\/07\\\/Come-with-me.png\",\"contentUrl\":\"https:\\\/\\\/helisserina.com\\\/wp-content\\\/uploads\\\/2022\\\/07\\\/Come-with-me.png\"},{\"@type\":\"BreadcrumbList\",\"@id\":\"https:\\\/\\\/helisserina.com\\\/en\\\/video\\\/#breadcrumb\",\"itemListElement\":[{\"@type\":\"ListItem\",\"position\":1,\"name\":\"Anasayfa\",\"item\":\"https:\\\/\\\/helisserina.com\\\/en\\\/\"},{\"@type\":\"ListItem\",\"position\":2,\"name\":\"Video\"}]},{\"@type\":\"WebSite\",\"@id\":\"https:\\\/\\\/helisserina.com\\\/en\\\/#website\",\"url\":\"https:\\\/\\\/helisserina.com\\\/en\\\/\",\"name\":\"Helis Serina Bodrum\",\"description\":\"Mutluluk Seni Bulur\",\"publisher\":{\"@id\":\"https:\\\/\\\/helisserina.com\\\/en\\\/#organization\"},\"potentialAction\":[{\"@type\":\"SearchAction\",\"target\":{\"@type\":\"EntryPoint\",\"urlTemplate\":\"https:\\\/\\\/helisserina.com\\\/en\\\/?s={search_term_string}\"},\"query-input\":{\"@type\":\"PropertyValueSpecification\",\"valueRequired\":true,\"valueName\":\"search_term_string\"}}],\"inLanguage\":\"en-US\"},{\"@type\":\"Organization\",\"@id\":\"https:\\\/\\\/helisserina.com\\\/en\\\/#organization\",\"name\":\"Helis Serina Bodrum\",\"url\":\"https:\\\/\\\/helisserina.com\\\/en\\\/\",\"logo\":{\"@type\":\"ImageObject\",\"inLanguage\":\"en-US\",\"@id\":\"https:\\\/\\\/helisserina.com\\\/en\\\/#\\\/schema\\\/logo\\\/image\\\/\",\"url\":\"https:\\\/\\\/helisserina.com\\\/wp-content\\\/uploads\\\/2022\\\/04\\\/helis-serina-logo.svg\",\"contentUrl\":\"https:\\\/\\\/helisserina.com\\\/wp-content\\\/uploads\\\/2022\\\/04\\\/helis-serina-logo.svg\",\"width\":1,\"height\":1,\"caption\":\"Helis Serina Bodrum\"},\"image\":{\"@id\":\"https:\\\/\\\/helisserina.com\\\/en\\\/#\\\/schema\\\/logo\\\/image\\\/\"}}]}<\/script>\n<!-- \/ Yoast SEO plugin. -->","yoast_head_json":{"title":"Helis Serina Bodrum - Video","description":"Hayat\u0131 yeniden ke\u015ffedece\u011fin bir yer arad\u0131\u011f\u0131nda, mutluluk senin i\u00e7in yeniden yank\u0131lanacak ve o zaman g\u00f6receksin\u2026","robots":{"index":"index","follow":"follow","max-snippet":"max-snippet:-1","max-image-preview":"max-image-preview:large","max-video-preview":"max-video-preview:-1"},"canonical":"https:\/\/helisserina.com\/en\/video\/","og_locale":"en_US","og_type":"article","og_title":"Helis Serina Bodrum - Video","og_description":"Hayat\u0131 yeniden ke\u015ffedece\u011fin bir yer arad\u0131\u011f\u0131nda, mutluluk senin i\u00e7in yeniden yank\u0131lanacak ve o zaman g\u00f6receksin\u2026","og_url":"https:\/\/helisserina.com\/en\/video\/","og_site_name":"Helis Serina Bodrum","article_modified_time":"2022-07-01T14:05:47+00:00","og_image":[{"url":"https:\/\/helisserina.com\/wp-content\/uploads\/2022\/07\/Come-with-me.png","type":"","width":"","height":""}],"twitter_card":"summary_large_image","twitter_misc":{"Est. reading time":"1 minute"},"schema":{"@context":"https:\/\/schema.org","@graph":[{"@type":"WebPage","@id":"https:\/\/helisserina.com\/en\/video\/","url":"https:\/\/helisserina.com\/en\/video\/","name":"Helis Serina Bodrum - Video","isPartOf":{"@id":"https:\/\/helisserina.com\/en\/#website"},"primaryImageOfPage":{"@id":"https:\/\/helisserina.com\/en\/video\/#primaryimage"},"image":{"@id":"https:\/\/helisserina.com\/en\/video\/#primaryimage"},"thumbnailUrl":"https:\/\/helisserina.com\/wp-content\/uploads\/2022\/07\/Come-with-me.png","datePublished":"2022-06-24T06:57:25+00:00","dateModified":"2022-07-01T14:05:47+00:00","description":"Hayat\u0131 yeniden ke\u015ffedece\u011fin bir yer arad\u0131\u011f\u0131nda, mutluluk senin i\u00e7in yeniden yank\u0131lanacak ve o zaman g\u00f6receksin\u2026","breadcrumb":{"@id":"https:\/\/helisserina.com\/en\/video\/#breadcrumb"},"inLanguage":"en-US","potentialAction":[{"@type":"ReadAction","target":["https:\/\/helisserina.com\/en\/video\/"]}]},{"@type":"ImageObject","inLanguage":"en-US","@id":"https:\/\/helisserina.com\/en\/video\/#primaryimage","url":"https:\/\/helisserina.com\/wp-content\/uploads\/2022\/07\/Come-with-me.png","contentUrl":"https:\/\/helisserina.com\/wp-content\/uploads\/2022\/07\/Come-with-me.png"},{"@type":"BreadcrumbList","@id":"https:\/\/helisserina.com\/en\/video\/#breadcrumb","itemListElement":[{"@type":"ListItem","position":1,"name":"Anasayfa","item":"https:\/\/helisserina.com\/en\/"},{"@type":"ListItem","position":2,"name":"Video"}]},{"@type":"WebSite","@id":"https:\/\/helisserina.com\/en\/#website","url":"https:\/\/helisserina.com\/en\/","name":"Helis Serina Bodrum","description":"Mutluluk Seni Bulur","publisher":{"@id":"https:\/\/helisserina.com\/en\/#organization"},"potentialAction":[{"@type":"SearchAction","target":{"@type":"EntryPoint","urlTemplate":"https:\/\/helisserina.com\/en\/?s={search_term_string}"},"query-input":{"@type":"PropertyValueSpecification","valueRequired":true,"valueName":"search_term_string"}}],"inLanguage":"en-US"},{"@type":"Organization","@id":"https:\/\/helisserina.com\/en\/#organization","name":"Helis Serina Bodrum","url":"https:\/\/helisserina.com\/en\/","logo":{"@type":"ImageObject","inLanguage":"en-US","@id":"https:\/\/helisserina.com\/en\/#\/schema\/logo\/image\/","url":"https:\/\/helisserina.com\/wp-content\/uploads\/2022\/04\/helis-serina-logo.svg","contentUrl":"https:\/\/helisserina.com\/wp-content\/uploads\/2022\/04\/helis-serina-logo.svg","width":1,"height":1,"caption":"Helis Serina Bodrum"},"image":{"@id":"https:\/\/helisserina.com\/en\/#\/schema\/logo\/image\/"}}]}},"_links":{"self":[{"href":"https:\/\/helisserina.com\/en\/wp-json\/wp\/v2\/pages\/2011","targetHints":{"allow":["GET"]}}],"collection":[{"href":"https:\/\/helisserina.com\/en\/wp-json\/wp\/v2\/pages"}],"about":[{"href":"https:\/\/helisserina.com\/en\/wp-json\/wp\/v2\/types\/page"}],"author":[{"embeddable":true,"href":"https:\/\/helisserina.com\/en\/wp-json\/wp\/v2\/users\/1"}],"replies":[{"embeddable":true,"href":"https:\/\/helisserina.com\/en\/wp-json\/wp\/v2\/comments?post=2011"}],"version-history":[{"count":0,"href":"https:\/\/helisserina.com\/en\/wp-json\/wp\/v2\/pages\/2011\/revisions"}],"wp:attachment":[{"href":"https:\/\/helisserina.com\/en\/wp-json\/wp\/v2\/media?parent=2011"}],"curies":[{"name":"wp","href":"https:\/\/api.w.org\/{rel}","templated":true}]}}